{"id":3406,"date":"2011-02-02T19:44:08","date_gmt":"2011-02-02T19:44:08","guid":{"rendered":"http:\/\/www.i8u.com\/?page_id=3406"},"modified":"2022-06-14T17:56:00","modified_gmt":"2022-06-14T17:56:00","slug":"immerson-immersound","status":"publish","type":"page","link":"https:\/\/www.francejobin.com\/?page_id=3406","title":{"rendered":"immersound"},"content":{"rendered":"<p><em><a href=\"https:\/\/i0.wp.com\/www.francejobin.com\/wp-content\/uploads\/2011\/02\/cropped-immerson6f-bw.jpg?ssl=1\"><img data-recalc-dims=\"1\" loading=\"lazy\" decoding=\"async\" class=\"alignnone wp-image-5314\" title=\"immerson-01\" src=\"https:\/\/i0.wp.com\/www.francejobin.com\/wp-content\/uploads\/2011\/02\/cropped-immerson6f-bw.jpg?resize=525%2C111&#038;ssl=1\" alt=\"\" width=\"525\" height=\"111\" \/><\/a><\/em><\/p>\n<p><a href=\"https:\/\/www.francejobin.com\/?cat=860\"><em>immersound<\/em> <\/a>is a concert event\/philosophy conceived and presented by France Jobin which proposes to create a dedicated listening environment by focusing on the physical comfort of the audience through a specifically designed space. The premise for <em>immersound<\/em> is to seek out\/explore new perceptions and experiences of the listening process by pushing the notion of \u201cimmersion\u201d to its possible limits. (2011-2015)<\/p>\n<p>click <a href=\"https:\/\/www.francejobin.com\/?cat=860\">here<\/a> for individual events.<\/p>\n<p>fran\u00e7ais:<\/p>\n<p><a href=\"http:\/\/immerson.org\/\">immerson<\/a> est un concert \u00e9v\u00e8nementiel et philosophique con\u00e7u et pr\u00e9sent\u00e9\u00a0par France Jobin, qui propose la cr\u00e9ation d\u2019un environnement d\u2019\u00e9coute consacr\u00e9 \u00e0 une exp\u00e9rience intensifi\u00e9e en portant son attention sur le confort physique du public gr\u00e2ce \u00e0 un espace con\u00e7u sp\u00e9cialement \u00e0 cet effet.\u00a0Le principe qui sous-tend IMMERSON cherche\/explore de nouvelles perceptions et exp\u00e9riences du processus d\u2019\u00e9coute en poussant la notion d\u2019\u00ab immersion \u00bb le plus loin possible. (2011-2015)<\/p>\n<p class=\"p1\"><span class=\"s1\"><b>Sound architecture<\/b><\/span><\/p>\n<p class=\"p2\"><span class=\"s1\">The architecture of the sound reproduction system for immersound events is consistent and evolutive in its design and tuning. Two of its design signatures are on one hand, the attention to the qualities of silence, and on the other, the extended sound preparation and installation periods, where curator, artists and sound engineer are engaged in conversations and experimentation with the system, the musical composition and the space.<\/span><\/p>\n<p class=\"p2\"><span class=\"s1\">The system is a 6.1 surround immersive installation with small stereo speakers added on the ceiling for \u201cshower\u201d audio effects. We use high quality mastering-grade full-range active studio monitors or smallish active sound reinforcement speakers. This design approach permits almost zero processing, very little EQing is done to the sound system, in relation to careful speaker arrangement positioned according to room geometries and their resonant properties and modes.<\/span><\/p>\n<p class=\"p2\"><span class=\"s2\">\u00a0<\/span><span class=\"s1\">We are investing in the direct sound coming from the 6.1 arrays placed close to the listeners, a full-bodied, balanced, solid and delicately detailed sound. The \u201cspatialization\u201d is accomplished with distributed mono or stereo elements and\/or discrete audio channels, according to the artist\u2019s needs. We use a circular isotropic floor arrangement for the speakers with an equidistant placement on the azimuth plane at every 60 degrees. The audience is comfortably lying on the floor on small mattresses; the speakers are at about 4 feet from the floor tilted toward the listener\u2019s heads at about 14 degrees.<\/span><\/p>\n<p class=\"p2\"><span class=\"s1\">Although the speaker array is totally symmetrical, we enjoy multiple phenomena of floor to ceiling reflections. The presence of the mattresses and bodies on the floor create subtle variations in the sound absorptions and reflections of sound sources in the composed musical program, creating singular and individualized listening experiences for the audience.<\/span><\/p>\n<p class=\"p2\"><span class=\"s1\">More so, the \u201cspatialization\u201d is done organically on site by the artists and\/or the sound engineer at the console, but thanks to the nature of this setup, audio sources are also from time to time, moving on their own and appearing in directions outside of the azimuthal plane which enriches the experience tremendously.<\/span><\/p>\n<p class=\"p2\"><span class=\"s1\">St\u00e9phane Claude, Sound engineer and architect<\/span><\/p>\n<p>More info on past editions <a href=\"https:\/\/www.francejobin.com\/?cat=199\">here<\/a><\/p>\n","protected":false},"excerpt":{"rendered":"<p>immersound is a concert event\/philosophy conceived and presented by France Jobin which proposes to create a dedicated listening environment by focusing on the physical comfort of the audience through a specifically designed space. The premise for immersound is to seek out\/explore new perceptions and experiences of the listening process by pushing the notion of \u201cimmersion\u201d &hellip; <\/p>\n<p class=\"link-more\"><a href=\"https:\/\/www.francejobin.com\/?page_id=3406\" class=\"more-link\">Continue reading<span class=\"screen-reader-text\"> &#8220;immersound&#8221;<\/span><\/a><\/p>\n","protected":false},"author":3,"featured_media":0,"parent":0,"menu_order":9,"comment_status":"closed","ping_status":"open","template":"","meta":{"footnotes":""},"class_list":["post-3406","page","type-page","status-publish","hentry"],"jetpack_sharing_enabled":true,"_links":{"self":[{"href":"https:\/\/www.francejobin.com\/index.php?rest_route=\/wp\/v2\/pages\/3406","targetHints":{"allow":["GET"]}}],"collection":[{"href":"https:\/\/www.francejobin.com\/index.php?rest_route=\/wp\/v2\/pages"}],"about":[{"href":"https:\/\/www.francejobin.com\/index.php?rest_route=\/wp\/v2\/types\/page"}],"author":[{"embeddable":true,"href":"https:\/\/www.francejobin.com\/index.php?rest_route=\/wp\/v2\/users\/3"}],"replies":[{"embeddable":true,"href":"https:\/\/www.francejobin.com\/index.php?rest_route=%2Fwp%2Fv2%2Fcomments&post=3406"}],"version-history":[{"count":29,"href":"https:\/\/www.francejobin.com\/index.php?rest_route=\/wp\/v2\/pages\/3406\/revisions"}],"predecessor-version":[{"id":6516,"href":"https:\/\/www.francejobin.com\/index.php?rest_route=\/wp\/v2\/pages\/3406\/revisions\/6516"}],"wp:attachment":[{"href":"https:\/\/www.francejobin.com\/index.php?rest_route=%2Fwp%2Fv2%2Fmedia&parent=3406"}],"curies":[{"name":"wp","href":"https:\/\/api.w.org\/{rel}","templated":true}]}}